{"id":84,"date":"2024-10-10T14:48:08","date_gmt":"2024-10-10T12:48:08","guid":{"rendered":"https:\/\/masentia.creativedev.se\/?page_id=84"},"modified":"2025-12-02T14:42:54","modified_gmt":"2025-12-02T13:42:54","slug":"hitta-till-oss","status":"publish","type":"page","link":"https:\/\/masentia.creativedev.se\/sv\/om-masentia\/hitta-till-oss\/","title":{"rendered":"Hitta till oss"},"content":{"rendered":"\t\t<div data-elementor-type=\"wp-page\" data-elementor-id=\"84\" class=\"elementor elementor-84\" data-elementor-post-type=\"page\">\n\t\t\t\t<div class=\"elementor-element elementor-element-2b7f5e4 e-con-full e-flex e-con e-parent\" data-id=\"2b7f5e4\" data-element_type=\"container\" data-e-type=\"container\">\n\t\t\t\t<div class=\"elementor-element elementor-element-e696615 elementor-widget elementor-widget-html\" data-id=\"e696615\" data-element_type=\"widget\" data-e-type=\"widget\" data-widget_type=\"html.default\">\n\t\t\t\t<div class=\"elementor-widget-container\">\n\t\t\t\t\t<div class=\"top-media-section\"><div class=\"top-media-container\" style=\"background-image: url(https:\/\/masentia.creativedev.se\/wp-content\/uploads\/2025\/12\/hitta-till-oss.jpg); background-size: cover; background-position: center; height: 100%; width: 100%;\"><\/div><div class=\"top-media-overlay-wrapper\"><div class=\"top-media-overlay\"><h1>Hitta till oss<\/h1><p>Lorem ipsum dolor sit amet, consectetur adipiscing elit, sed do eiusmod tempor incididunt ut labore et dolore magna aliqua. Ut enim ad minim veniam.<\/p><a href=\"https:\/\/masentia.creativedev.se\/kontakt\/\" class=\"top-media-button masentia-button\">Kontakta oss<\/a><\/div><\/div><\/div>\t\t\t\t<\/div>\n\t\t\t\t<\/div>\n\t\t\t\t<\/div>\n\t\t<div class=\"elementor-element elementor-element-7dd1a08 e-flex e-con-boxed e-con e-parent\" data-id=\"7dd1a08\" data-element_type=\"container\" data-e-type=\"container\">\n\t\t\t\t\t<div class=\"e-con-inner\">\n\t\t\t\t<div class=\"elementor-element elementor-element-8300553 elementor-widget elementor-widget-html\" data-id=\"8300553\" data-element_type=\"widget\" data-e-type=\"widget\" data-widget_type=\"html.default\">\n\t\t\t\t<div class=\"elementor-widget-container\">\n\t\t\t\t\t<div class=\"breadcrumbs-c\"><a href=\"https:\/\/masentia.creativedev.se\/sv\/\">Start<\/a><\/div>\t\t\t\t<\/div>\n\t\t\t\t<\/div>\n\t\t\t\t\t<\/div>\n\t\t\t\t<\/div>\n\t\t<div class=\"elementor-element elementor-element-2e5cf03 hitta-till-oss-ex-c e-flex e-con-boxed e-con e-parent\" data-id=\"2e5cf03\" data-element_type=\"container\" data-e-type=\"container\">\n\t\t\t\t\t<div class=\"e-con-inner\">\n\t\t\t\t<div class=\"elementor-element elementor-element-edff365 elementor-widget elementor-widget-html\" data-id=\"edff365\" data-element_type=\"widget\" data-e-type=\"widget\" data-widget_type=\"html.default\">\n\t\t\t\t<div class=\"elementor-widget-container\">\n\t\t\t\t\t<h3 class=\"subject-intro subject section-padding\">V\u00e5ra utst\u00e4llningar<\/h3><div class=\"exhibitions-container section-padding\"><div class=\"exhibition\"><div class=\"text-container\"><h2 class=\"title\">Sverige<\/h2><p class=\"text\">Lorem ipsum dolor sit amet, consectetur adipiscing elit, sed do eiusmod tempor incididunt ut labore et dolore magna aliqua. Ut enim ad minim veniam, quis nostrud exercitation ullamco laboris nisi ut aliquip ex ea commodo consequat. Duis aute irure dolor in reprehenderit in voluptate velit esse cillum dolore eu fugiat nulla pariatur. Excepteur sint occaecat cupidatat non proident, sunt in culpa qui officia deserunt mollit anim id est laborum.<\/p><\/div><div class=\"images-container\"><div class=\"single-image\"><a href=\"https:\/\/masentia.creativedev.se\/wp-content\/uploads\/woocommerce-placeholder.webp\"><img decoding=\"async\" src=\"https:\/\/masentia.creativedev.se\/wp-content\/uploads\/woocommerce-placeholder-300x300.webp\" alt=\"\"\/><\/a><\/div><div class=\"single-image\"><a href=\"https:\/\/masentia.creativedev.se\/wp-content\/uploads\/woocommerce-placeholder.png\"><img decoding=\"async\" src=\"https:\/\/masentia.creativedev.se\/wp-content\/uploads\/woocommerce-placeholder-300x300.png\" alt=\"\"\/><\/a><\/div><\/div><\/div><div class=\"exhibition\"><div class=\"text-container\"><h2 class=\"title\">Danmark<\/h2><p class=\"text\">Lorem ipsum dolor sit amet, consectetur adipiscing elit, sed do eiusmod tempor incididunt ut labore et dolore magna aliqua. Ut enim ad minim veniam, quis nostrud exercitation ullamco laboris nisi ut aliquip ex ea commodo consequat. Duis aute irure dolor in reprehenderit in voluptate velit esse cillum dolore eu fugiat nulla pariatur. Excepteur sint occaecat cupidatat non proident, sunt in culpa qui officia deserunt mollit anim id est laborum.<\/p><\/div><div class=\"images-container\"><\/div><\/div><div class=\"exhibition\"><div class=\"text-container\"><h2 class=\"title\">Norge<\/h2><p class=\"text\">Lorem ipsum dolor sit amet, consectetur adipiscing elit, sed do eiusmod tempor incididunt ut labore et dolore magna aliqua. Ut enim ad minim veniam, quis nostrud exercitation ullamco laboris nisi ut aliquip ex ea commodo consequat. Duis aute irure dolor in reprehenderit in voluptate velit esse cillum dolore eu fugiat nulla pariatur. Excepteur sint occaecat cupidatat non proident, sunt in culpa qui officia deserunt mollit anim id est laborum.<\/p><\/div><div class=\"images-container\"><\/div><\/div><div class=\"exhibition\"><div class=\"text-container\"><h2 class=\"title\">Finland<\/h2><p class=\"text\">Lorem ipsum dolor sit amet, consectetur adipiscing elit, sed do eiusmod tempor incididunt ut labore et dolore magna aliqua. Ut enim ad minim veniam, quis nostrud exercitation ullamco laboris nisi ut aliquip ex ea commodo consequat. Duis aute irure dolor in reprehenderit in voluptate velit esse cillum dolore eu fugiat nulla pariatur. Excepteur sint occaecat cupidatat non proident, sunt in culpa qui officia deserunt mollit anim id est laborum.<\/p><\/div><div class=\"images-container\"><\/div><\/div><\/div>\t\t\t\t<\/div>\n\t\t\t\t<\/div>\n\t\t\t\t\t<\/div>\n\t\t\t\t<\/div>\n\t\t<div class=\"elementor-element elementor-element-a3e8fa9 e-con-full map-outer-c e-flex e-con e-parent\" data-id=\"a3e8fa9\" data-element_type=\"container\" data-e-type=\"container\">\n\t\t\t\t<div class=\"elementor-element elementor-element-c959305 elementor-widget elementor-widget-html\" data-id=\"c959305\" data-element_type=\"widget\" data-e-type=\"widget\" data-widget_type=\"html.default\">\n\t\t\t\t<div class=\"elementor-widget-container\">\n\t\t\t\t\t    <div class=\"medium-max-w\">\n        <div class=\"subject-intro\">\n            <h3 class=\"subject-intro subject\">Hitta till oss<\/h3>\n            <h2 class=\"subject-title\">H\u00e4r hittar du v\u00e5ra kontor, utst\u00e4llningar och event<\/h2>\n        <\/div>\n    <\/div>\n    <div id=\"acf-map\"><\/div>\n    <script>\n        function initMap() {\n            \n                var locations = [\n                {\n                    lat: 55.3629, \n                    lng: 10.3288, \n                    title: \"Masentia, Denmark\",\n                    address: \"Hvidk\u00e6rvej 41, 5250 Odense, Danmark\"\n                },\n                {\n                    lat: 57.1547, \n                    lng: 14.0733, \n                    title: \"Masentia, Sweden\",\n                    address: \"Bredastensv\u00e4gen 18, 331 44 V\u00e4rnamo, Sverige\"\n                }\n            ];\n\n            var map = new google.maps.Map(document.getElementById('acf-map'), {\n                zoom: 6,\n                center: { lat: 56.2, lng: 12.2 }, \n                mapTypeId: google.maps.MapTypeId.ROADMAP,\n                styles: [\n                        {\n                            \"featureType\": \"all\",\n                            \"elementType\": \"labels.text\",\n                            \"stylers\": [\n                                {\n                                    \"weight\": \"0.01\"\n                                },\n                                {\n                                    \"saturation\": \"-100\"\n                                },\n                                {\n                                    \"lightness\": \"100\"\n                                },\n                                {\n                                    \"visibility\": \"simplified\"\n                                },\n                                {\n                                    \"color\": \"#527FA8\"\n                                }\n                            ]\n                        },\n                        {\n                            \"featureType\": \"administrative\",\n                            \"elementType\": \"labels.text.fill\",\n                            \"stylers\": [\n                                {\n                                    \"color\": \"#444444\"\n                                }\n                            ]\n                        },\n                        {\n                            \"featureType\": \"administrative.country\",\n                            \"elementType\": \"geometry.stroke\",\n                            \"stylers\": [\n                                {\n                                    \"saturation\": \"1\"\n                                },\n                                {\n                                    \"weight\": \"0.43\"\n                                }\n                            ]\n                        },\n                        {\n                            \"featureType\": \"administrative.country\",\n                            \"elementType\": \"labels.text\",\n                            \"stylers\": [\n                                {\n                                    \"visibility\": \"on\"\n                                }\n                            ]\n                        },\n                        {\n                            \"featureType\": \"administrative.province\",\n                            \"elementType\": \"geometry.stroke\",\n                            \"stylers\": [\n                                {\n                                    \"weight\": \"0.01\"\n                                },\n                                {\n                                    \"visibility\": \"off\"\n                                }\n                            ]\n                        },\n                        {\n                            \"featureType\": \"landscape\",\n                            \"elementType\": \"all\",\n                            \"stylers\": [\n                                {\n                                    \"color\": \"#f2f2f2\"\n                                }\n                            ]\n                        },\n                        {\n                            \"featureType\": \"poi\",\n                            \"elementType\": \"all\",\n                            \"stylers\": [\n                                {\n                                    \"visibility\": \"off\"\n                                }\n                            ]\n                        },\n                        {\n                            \"featureType\": \"road\",\n                            \"elementType\": \"all\",\n                            \"stylers\": [\n                                {\n                                    \"saturation\": -100\n                                },\n                                {\n                                    \"lightness\": 45\n                                }\n                            ]\n                        },\n                        {\n                            \"featureType\": \"road.highway\",\n                            \"elementType\": \"all\",\n                            \"stylers\": [\n                                {\n                                    \"visibility\": \"off\"\n                                }\n                            ]\n                        },\n                        {\n                            \"featureType\": \"road.arterial\",\n                            \"elementType\": \"labels.icon\",\n                            \"stylers\": [\n                                {\n                                    \"visibility\": \"off\"\n                                }\n                            ]\n                        },\n                        {\n                            \"featureType\": \"transit\",\n                            \"elementType\": \"all\",\n                            \"stylers\": [\n                                {\n                                    \"visibility\": \"off\"\n                                }\n                            ]\n                        },\n                        {\n                            \"featureType\": \"water\",\n                            \"elementType\": \"all\",\n                            \"stylers\": [\n                                {\n                                    \"color\": \"#527FA8\"\n                                },\n                                {\n                                    \"visibility\": \"on\"\n                                }\n                            ]\n                        },\n                        {\n                            \"featureType\": \"water\",\n                            \"elementType\": \"geometry\",\n                            \"stylers\": [\n                                {\n                                    \"visibility\": \"on\"\n                                }\n                            ]\n                        },\n                        {\n                            \"featureType\": \"water\",\n                            \"elementType\": \"geometry.fill\",\n                            \"stylers\": [\n                                {\n                                    \"color\": \"##000000\"\n                                },\n                                {\n                                    \"lightness\": \"30\"\n                                }\n                            ]\n                        }\n                    ]\n            });\n\n            var infoWindow = new google.maps.InfoWindow(); \/\/ Skapar en infowindow-instans\n\n            locations.forEach(function(location) {\n                var marker = new google.maps.Marker({\n                    position: { lat: location.lat, lng: location.lng },\n                    map: map,\n                    title: location.title\n                });\n\n                \/\/ Klickh\u00e4ndelse f\u00f6r att visa infowindow med adress\n                marker.addListener(\"click\", function() {\n                    infoWindow.setContent(\"<strong>\" + location.title + \"<\/strong><br>\" + location.address);\n                    infoWindow.open(map, marker);\n                });\n            });\n        }\n    <\/script>\n    <script async defer src=\"https:\/\/maps.googleapis.com\/maps\/api\/js?key=AIzaSyDlE1uRUk7Lv31Dj0oBaOu9L2uAUaj8Kos&callback=initMap\"><\/script>\n    \t\t\t\t<\/div>\n\t\t\t\t<\/div>\n\t\t\t\t<\/div>\n\t\t\t\t<\/div>\n\t\t","protected":false},"excerpt":{"rendered":"","protected":false},"author":1,"featured_media":0,"parent":34,"menu_order":0,"comment_status":"closed","ping_status":"closed","template":"","meta":{"_acf_changed":false,"inline_featured_image":false,"footnotes":""},"class_list":["post-84","page","type-page","status-publish","hentry"],"acf":[],"yoast_head":"<!-- This site is optimized with the Yoast SEO plugin v27.3 - https:\/\/yoast.com\/product\/yoast-seo-wordpress\/ -->\n<title>Hitta till oss - Masentia<\/title>\n<meta name=\"robots\" content=\"noindex, follow, max-snippet:-1, max-image-preview:large, max-video-preview:-1\" \/>\n<meta property=\"og:locale\" content=\"sv_SE\" \/>\n<meta property=\"og:type\" content=\"article\" \/>\n<meta property=\"og:title\" content=\"Hitta till oss - Masentia\" \/>\n<meta property=\"og:url\" content=\"https:\/\/masentia.creativedev.se\/om-masentia\/hitta-till-oss\/\" \/>\n<meta property=\"og:site_name\" content=\"Masentia\" \/>\n<meta property=\"article:modified_time\" content=\"2025-12-02T13:42:54+00:00\" \/>\n<meta name=\"twitter:card\" content=\"summary_large_image\" \/>\n<meta name=\"twitter:label1\" content=\"Ber\u00e4knad l\u00e4stid\" \/>\n\t<meta name=\"twitter:data1\" content=\"3 minuter\" \/>\n<script type=\"application\/ld+json\" class=\"yoast-schema-graph\">{\"@context\":\"https:\\\/\\\/schema.org\",\"@graph\":[{\"@type\":\"WebPage\",\"@id\":\"https:\\\/\\\/masentia.creativedev.se\\\/om-masentia\\\/hitta-till-oss\\\/\",\"url\":\"https:\\\/\\\/masentia.creativedev.se\\\/om-masentia\\\/hitta-till-oss\\\/\",\"name\":\"Hitta till oss - Masentia\",\"isPartOf\":{\"@id\":\"https:\\\/\\\/masentia.creativedev.se\\\/#website\"},\"datePublished\":\"2024-10-10T12:48:08+00:00\",\"dateModified\":\"2025-12-02T13:42:54+00:00\",\"breadcrumb\":{\"@id\":\"https:\\\/\\\/masentia.creativedev.se\\\/om-masentia\\\/hitta-till-oss\\\/#breadcrumb\"},\"inLanguage\":\"sv-SE\",\"potentialAction\":[{\"@type\":\"ReadAction\",\"target\":[\"https:\\\/\\\/masentia.creativedev.se\\\/om-masentia\\\/hitta-till-oss\\\/\"]}]},{\"@type\":\"BreadcrumbList\",\"@id\":\"https:\\\/\\\/masentia.creativedev.se\\\/om-masentia\\\/hitta-till-oss\\\/#breadcrumb\",\"itemListElement\":[{\"@type\":\"ListItem\",\"position\":1,\"name\":\"Hem\",\"item\":\"https:\\\/\\\/masentia.creativedev.se\\\/\"},{\"@type\":\"ListItem\",\"position\":2,\"name\":\"Om Masentia\",\"item\":\"https:\\\/\\\/masentia.creativedev.se\\\/om-masentia\\\/\"},{\"@type\":\"ListItem\",\"position\":3,\"name\":\"Hitta till oss\"}]},{\"@type\":\"WebSite\",\"@id\":\"https:\\\/\\\/masentia.creativedev.se\\\/#website\",\"url\":\"https:\\\/\\\/masentia.creativedev.se\\\/\",\"name\":\"Masentia\",\"description\":\"\",\"potentialAction\":[{\"@type\":\"SearchAction\",\"target\":{\"@type\":\"EntryPoint\",\"urlTemplate\":\"https:\\\/\\\/masentia.creativedev.se\\\/?s={search_term_string}\"},\"query-input\":{\"@type\":\"PropertyValueSpecification\",\"valueRequired\":true,\"valueName\":\"search_term_string\"}}],\"inLanguage\":\"sv-SE\"}]}<\/script>\n<!-- \/ Yoast SEO plugin. -->","yoast_head_json":{"title":"Hitta till oss - Masentia","robots":{"index":"noindex","follow":"follow","max-snippet":"max-snippet:-1","max-image-preview":"max-image-preview:large","max-video-preview":"max-video-preview:-1"},"og_locale":"sv_SE","og_type":"article","og_title":"Hitta till oss - Masentia","og_url":"https:\/\/masentia.creativedev.se\/om-masentia\/hitta-till-oss\/","og_site_name":"Masentia","article_modified_time":"2025-12-02T13:42:54+00:00","twitter_card":"summary_large_image","twitter_misc":{"Ber\u00e4knad l\u00e4stid":"3 minuter"},"schema":{"@context":"https:\/\/schema.org","@graph":[{"@type":"WebPage","@id":"https:\/\/masentia.creativedev.se\/om-masentia\/hitta-till-oss\/","url":"https:\/\/masentia.creativedev.se\/om-masentia\/hitta-till-oss\/","name":"Hitta till oss - Masentia","isPartOf":{"@id":"https:\/\/masentia.creativedev.se\/#website"},"datePublished":"2024-10-10T12:48:08+00:00","dateModified":"2025-12-02T13:42:54+00:00","breadcrumb":{"@id":"https:\/\/masentia.creativedev.se\/om-masentia\/hitta-till-oss\/#breadcrumb"},"inLanguage":"sv-SE","potentialAction":[{"@type":"ReadAction","target":["https:\/\/masentia.creativedev.se\/om-masentia\/hitta-till-oss\/"]}]},{"@type":"BreadcrumbList","@id":"https:\/\/masentia.creativedev.se\/om-masentia\/hitta-till-oss\/#breadcrumb","itemListElement":[{"@type":"ListItem","position":1,"name":"Hem","item":"https:\/\/masentia.creativedev.se\/"},{"@type":"ListItem","position":2,"name":"Om Masentia","item":"https:\/\/masentia.creativedev.se\/om-masentia\/"},{"@type":"ListItem","position":3,"name":"Hitta till oss"}]},{"@type":"WebSite","@id":"https:\/\/masentia.creativedev.se\/#website","url":"https:\/\/masentia.creativedev.se\/","name":"Masentia","description":"","potentialAction":[{"@type":"SearchAction","target":{"@type":"EntryPoint","urlTemplate":"https:\/\/masentia.creativedev.se\/?s={search_term_string}"},"query-input":{"@type":"PropertyValueSpecification","valueRequired":true,"valueName":"search_term_string"}}],"inLanguage":"sv-SE"}]}},"_links":{"self":[{"href":"https:\/\/masentia.creativedev.se\/sv\/wp-json\/wp\/v2\/pages\/84","targetHints":{"allow":["GET"]}}],"collection":[{"href":"https:\/\/masentia.creativedev.se\/sv\/wp-json\/wp\/v2\/pages"}],"about":[{"href":"https:\/\/masentia.creativedev.se\/sv\/wp-json\/wp\/v2\/types\/page"}],"author":[{"embeddable":true,"href":"https:\/\/masentia.creativedev.se\/sv\/wp-json\/wp\/v2\/users\/1"}],"replies":[{"embeddable":true,"href":"https:\/\/masentia.creativedev.se\/sv\/wp-json\/wp\/v2\/comments?post=84"}],"version-history":[{"count":57,"href":"https:\/\/masentia.creativedev.se\/sv\/wp-json\/wp\/v2\/pages\/84\/revisions"}],"predecessor-version":[{"id":3793,"href":"https:\/\/masentia.creativedev.se\/sv\/wp-json\/wp\/v2\/pages\/84\/revisions\/3793"}],"up":[{"embeddable":true,"href":"https:\/\/masentia.creativedev.se\/sv\/wp-json\/wp\/v2\/pages\/34"}],"wp:attachment":[{"href":"https:\/\/masentia.creativedev.se\/sv\/wp-json\/wp\/v2\/media?parent=84"}],"curies":[{"name":"wp","href":"https:\/\/api.w.org\/{rel}","templated":true}]}}