{"id":30,"date":"2024-10-08T11:52:27","date_gmt":"2024-10-08T09:52:27","guid":{"rendered":"https:\/\/masentia.creativedev.se\/?page_id=30"},"modified":"2025-12-02T10:06:16","modified_gmt":"2025-12-02T09:06:16","slug":"utbildning","status":"publish","type":"page","link":"https:\/\/masentia.creativedev.se\/sv\/utbildning\/","title":{"rendered":"Kurser och utbildningar"},"content":{"rendered":"\t\t<div data-elementor-type=\"wp-page\" data-elementor-id=\"30\" class=\"elementor elementor-30\" data-elementor-post-type=\"page\">\n\t\t\t\t<div class=\"elementor-element elementor-element-bd3d4bf e-flex e-con-boxed e-con e-parent\" data-id=\"bd3d4bf\" data-element_type=\"container\" data-e-type=\"container\">\n\t\t\t\t\t<div class=\"e-con-inner\">\n\t\t\t\t<div class=\"elementor-element elementor-element-60a233c elementor-widget elementor-widget-html\" data-id=\"60a233c\" data-element_type=\"widget\" data-e-type=\"widget\" data-widget_type=\"html.default\">\n\t\t\t\t<div class=\"elementor-widget-container\">\n\t\t\t\t\t<div class=\"breadcrumbs-c\"><a href=\"https:\/\/masentia.creativedev.se\/sv\/\">Start<\/a><\/div>\t\t\t\t<\/div>\n\t\t\t\t<\/div>\n\t\t\t\t\t<\/div>\n\t\t\t\t<\/div>\n\t\t<div class=\"elementor-element elementor-element-cfa087b e-flex e-con-boxed e-con e-parent\" data-id=\"cfa087b\" data-element_type=\"container\" data-e-type=\"container\">\n\t\t\t\t\t<div class=\"e-con-inner\">\n\t\t\t\t<div class=\"elementor-element elementor-element-fef71d8 elementor-widget elementor-widget-heading\" data-id=\"fef71d8\" data-element_type=\"widget\" data-e-type=\"widget\" data-widget_type=\"heading.default\">\n\t\t\t\t<div class=\"elementor-widget-container\">\n\t\t\t\t\t<h1 class=\"elementor-heading-title elementor-size-default\">Kurser och utbildningar<\/h1>\t\t\t\t<\/div>\n\t\t\t\t<\/div>\n\t\t\t\t<div class=\"elementor-element elementor-element-2efaa21 elementor-widget elementor-widget-html\" data-id=\"2efaa21\" data-element_type=\"widget\" data-e-type=\"widget\" data-widget_type=\"html.default\">\n\t\t\t\t<div class=\"elementor-widget-container\">\n\t\t\t\t\t<div class=\"page-ingress-container section-padding\"><div class=\"page-ingress-inner-container\" id=\"text-shorten\"><div class=\"left-column\"><p>Kompetenta medarbetare \u00e4r ett ov\u00e4rderligt konkurrensmedel. Med v\u00e5r hj\u00e4lp uppr\u00e4tth\u00e5ller du kompetensniv\u00e5n som kr\u00e4vs f\u00f6r att ni ska kunna utnyttja maskinparken s\u00e5 effektivt som m\u00f6jligt.<\/p><\/div><div class=\"right-column\"><p>Vi hj\u00e4lper dig med en strategisk och l\u00e5ngsiktig utbildningsplan som till exempel kan omfatta programmeringsutbildning, applikationsutbildning, underh\u00e5llsutbildning och handhavandeutbildning. Vi kan ocks\u00e5 skr\u00e4ddarsy utbildningar med utg\u00e5ngspunkt i era behov.<\/p><\/div><\/div><\/div>\t\t\t\t<\/div>\n\t\t\t\t<\/div>\n\t\t\t\t\t<\/div>\n\t\t\t\t<\/div>\n\t\t<div class=\"elementor-element elementor-element-92c782e utbildning-cols-c e-flex e-con-boxed e-con e-parent\" data-id=\"92c782e\" data-element_type=\"container\" data-e-type=\"container\">\n\t\t\t\t\t<div class=\"e-con-inner\">\n\t\t\t\t<div class=\"elementor-element elementor-element-ed9b557 elementor-widget elementor-widget-html\" data-id=\"ed9b557\" data-element_type=\"widget\" data-e-type=\"widget\" data-widget_type=\"html.default\">\n\t\t\t\t<div class=\"elementor-widget-container\">\n\t\t\t\t\t<div class=\"section-padding subject-max-width\"><div class=\"intro-text-columns\"><h3 class=\"subject\">Kurser och utbildningar<\/h3><h2 class=\"subject-title\">Kunskap skapar konkurrensf\u00f6rdelar<\/h2><\/div><div class=\"text-image-section-container\"><div class=\"left-column\"><div class=\"text-image-section-image\"><img decoding=\"async\" src=\"https:\/\/masentia.creativedev.se\/wp-content\/uploads\/2025\/12\/kurser-utbildning.jpg\" alt=\"kurser-utbildning\"><\/div><\/div><div class=\"right-column\"><div class=\"right-column-text\"><h3 class=\"title\">Kompletta utbildningar<\/h3><p class=\"text\">Vi erbjuder komplett utbildning f\u00f6r hela produktionsfl\u00f6det. Hos oss eller p\u00e5 plats hos dig. Vi skr\u00e4ddarsyr utbildningar och paket exakt f\u00f6r dina medarbetare och dina behov. Genom att knyta r\u00e4tt utbildning till maskink\u00f6pet maximerar du maskinutnyttjandet fr\u00e5n start.<br \/>\r\n<br \/>\r\nVi erbjuder utbildningar i programmering, handhavande, applikationer, underh\u00e5ll, PEPS CAD\/CAM samt produktions- och processoptimering h\u00f6r till v\u00e5ra mest popul\u00e4ra, men du kan ocks\u00e5 v\u00e4nda dig till oss f\u00f6r andra uppl\u00e4gg.<\/p><a class=\"masentia-button\" href=\"\/ \" target=\"\">Testl\u00e4nk<\/a><\/div><\/div><\/div><\/div>\t\t\t\t<\/div>\n\t\t\t\t<\/div>\n\t\t\t\t\t<\/div>\n\t\t\t\t<\/div>\n\t\t<div class=\"elementor-element elementor-element-29e7985 utbildning-grid-c e-flex e-con-boxed e-con e-parent\" data-id=\"29e7985\" data-element_type=\"container\" data-e-type=\"container\">\n\t\t\t\t\t<div class=\"e-con-inner\">\n\t\t\t\t<div class=\"elementor-element elementor-element-a2f093c elementor-widget elementor-widget-html\" data-id=\"a2f093c\" data-element_type=\"widget\" data-e-type=\"widget\" data-widget_type=\"html.default\">\n\t\t\t\t<div class=\"elementor-widget-container\">\n\t\t\t\t\t<div class=\"product-category-grid-intro section-padding\"><h3 class=\"subject-intro subject\">Teknologier<\/h3><h2 class=\"subject-title\">Vi erbjuder utbildningar f\u00f6r<br>\r\nhela produktionsfl\u00f6det<\/h2><\/div><div class=\"product-category-wrapper\"><div class=\"product-category-grid slick-slider\"><div class=\"product-category-item\"><a href=\"https:\/\/masentia.creativedev.se\/sv\/produkter\/gnistbearbetning\/\" role=\"link\" tabindex=\"0\"><div class=\"product-category-image-container\"><img decoding=\"async\" src=\"https:\/\/masentia.creativedev.se\/wp-content\/uploads\/2025\/02\/3840x2160-768x432.jpg\" alt=\"Testbild alt Svenska\"><\/div><h3 class=\"product-category-title\">Gnistbearbetning<\/h3><p><\/p><p class=\"arrow-link\"><span>L\u00e4s mer om gnistbearbetning<\/span><\/p><\/a><\/div><div class=\"product-category-item\"><a href=\"https:\/\/masentia.creativedev.se\/sv\/produkter\/frasning\/\" role=\"link\" tabindex=\"0\"><div class=\"product-category-image-container\"><img decoding=\"async\" src=\"\/wp-content\/uploads\/2024\/10\/placeholder-2.png\" alt=\"fr\u00e4sning\"><\/div><h3 class=\"product-category-title\">Fr\u00e4sning<\/h3><p>Masentia \u00e4r marknadsledande inom h\u00f6ghastighetsfr\u00e4sning och CAM-l\u00f6sningar f\u00f6r fr\u00e4sning av...<\/p><p class=\"arrow-link\"><span>L\u00e4s mer om fr\u00e4sning<\/span><\/p><\/a><\/div><div class=\"product-category-item\"><a href=\"https:\/\/masentia.creativedev.se\/sv\/produkter\/svarvning\/\" role=\"link\" tabindex=\"0\"><div class=\"product-category-image-container\"><img decoding=\"async\" src=\"\/wp-content\/uploads\/2024\/10\/placeholder-2.png\" alt=\"svarvning\"><\/div><h3 class=\"product-category-title\">Svarvning<\/h3><p>1<\/p><p class=\"arrow-link\"><span>L\u00e4s mer om svarvning<\/span><\/p><\/a><\/div><div class=\"product-category-item\"><a href=\"https:\/\/masentia.creativedev.se\/sv\/produkter\/slipning\/\" role=\"link\" tabindex=\"0\"><div class=\"product-category-image-container\"><img decoding=\"async\" src=\"\/wp-content\/uploads\/2024\/10\/placeholder-2.png\" alt=\"slipning\"><\/div><h3 class=\"product-category-title\">Slipning<\/h3><p><\/p><p class=\"arrow-link\"><span>L\u00e4s mer om slipning<\/span><\/p><\/a><\/div><div class=\"product-category-item\"><a href=\"https:\/\/masentia.creativedev.se\/sv\/produkter\/laser\/\" role=\"link\" tabindex=\"0\"><div class=\"product-category-image-container\"><img decoding=\"async\" src=\"\/wp-content\/uploads\/2024\/10\/placeholder-2.png\" alt=\"laser\"><\/div><h3 class=\"product-category-title\">Laser<\/h3><p><\/p><p class=\"arrow-link\"><span>L\u00e4s mer om laser<\/span><\/p><\/a><\/div><div class=\"product-category-item\"><a href=\"https:\/\/masentia.creativedev.se\/sv\/produkter\/cam\/\" role=\"link\" tabindex=\"0\"><div class=\"product-category-image-container\"><img decoding=\"async\" src=\"\/wp-content\/uploads\/2024\/10\/placeholder-2.png\" alt=\"CAM\"><\/div><h3 class=\"product-category-title\">CAM<\/h3><p><\/p><p class=\"arrow-link\"><span>L\u00e4s mer om CAM<\/span><\/p><\/a><\/div><\/div><\/div>\t\t\t\t<\/div>\n\t\t\t\t<\/div>\n\t\t\t\t\t<\/div>\n\t\t\t\t<\/div>\n\t\t<div class=\"elementor-element elementor-element-8b4fb57 e-flex e-con-boxed e-con e-parent\" data-id=\"8b4fb57\" data-element_type=\"container\" data-e-type=\"container\">\n\t\t\t\t\t<div class=\"e-con-inner\">\n\t\t\t\t<div class=\"elementor-element elementor-element-6a7df6d elementor-widget elementor-widget-html\" data-id=\"6a7df6d\" data-element_type=\"widget\" data-e-type=\"widget\" data-widget_type=\"html.default\">\n\t\t\t\t<div class=\"elementor-widget-container\">\n\t\t\t\t\t<div class=\"contact-slider-container section-padding contact-slider-section-padding\"><div class=\"subject-intro\"><h3 class=\"subject-intro subject\">Expertr\u00e5dgivning<\/h3><h2 class=\"subject-title\">Prata med n\u00e5gon av v\u00e5ra experter<\/br><\/h2><p class=\"subject-intro-text\">Vi \u00e4r experter inom omr\u00e5det och kan hj\u00e4lpa dig med alla dina fr\u00e5gor, tveka inte, kontakta oss redan idag.<\/p><\/div><div class=\"contact-slider\"><\/div><\/div>\t\t\t\t<\/div>\n\t\t\t\t<\/div>\n\t\t\t\t\t<\/div>\n\t\t\t\t<\/div>\n\t\t\t\t<\/div>\n\t\t","protected":false},"excerpt":{"rendered":"","protected":false},"author":1,"featured_media":0,"parent":0,"menu_order":0,"comment_status":"closed","ping_status":"closed","template":"","meta":{"_acf_changed":false,"inline_featured_image":false,"footnotes":""},"class_list":["post-30","page","type-page","status-publish","hentry"],"acf":[],"yoast_head":"<!-- This site is optimized with the Yoast SEO plugin v27.3 - https:\/\/yoast.com\/product\/yoast-seo-wordpress\/ -->\n<title>Kurser och utbildningar - Masentia<\/title>\n<meta name=\"robots\" content=\"noindex, follow, max-snippet:-1, max-image-preview:large, max-video-preview:-1\" \/>\n<meta property=\"og:locale\" content=\"sv_SE\" \/>\n<meta property=\"og:type\" content=\"article\" \/>\n<meta property=\"og:title\" content=\"Kurser och utbildningar - Masentia\" \/>\n<meta property=\"og:url\" content=\"https:\/\/masentia.creativedev.se\/utbildning\/\" \/>\n<meta property=\"og:site_name\" content=\"Masentia\" \/>\n<meta property=\"article:modified_time\" content=\"2025-12-02T09:06:16+00:00\" \/>\n<meta name=\"twitter:card\" content=\"summary_large_image\" \/>\n<meta name=\"twitter:label1\" content=\"Ber\u00e4knad l\u00e4stid\" \/>\n\t<meta name=\"twitter:data1\" content=\"2 minuter\" \/>\n<script type=\"application\/ld+json\" class=\"yoast-schema-graph\">{\"@context\":\"https:\\\/\\\/schema.org\",\"@graph\":[{\"@type\":\"WebPage\",\"@id\":\"https:\\\/\\\/masentia.creativedev.se\\\/utbildning\\\/\",\"url\":\"https:\\\/\\\/masentia.creativedev.se\\\/utbildning\\\/\",\"name\":\"Kurser och utbildningar - Masentia\",\"isPartOf\":{\"@id\":\"https:\\\/\\\/masentia.creativedev.se\\\/#website\"},\"datePublished\":\"2024-10-08T09:52:27+00:00\",\"dateModified\":\"2025-12-02T09:06:16+00:00\",\"breadcrumb\":{\"@id\":\"https:\\\/\\\/masentia.creativedev.se\\\/utbildning\\\/#breadcrumb\"},\"inLanguage\":\"sv-SE\",\"potentialAction\":[{\"@type\":\"ReadAction\",\"target\":[\"https:\\\/\\\/masentia.creativedev.se\\\/utbildning\\\/\"]}]},{\"@type\":\"BreadcrumbList\",\"@id\":\"https:\\\/\\\/masentia.creativedev.se\\\/utbildning\\\/#breadcrumb\",\"itemListElement\":[{\"@type\":\"ListItem\",\"position\":1,\"name\":\"Hem\",\"item\":\"https:\\\/\\\/masentia.creativedev.se\\\/\"},{\"@type\":\"ListItem\",\"position\":2,\"name\":\"Kurser och utbildningar\"}]},{\"@type\":\"WebSite\",\"@id\":\"https:\\\/\\\/masentia.creativedev.se\\\/#website\",\"url\":\"https:\\\/\\\/masentia.creativedev.se\\\/\",\"name\":\"Masentia\",\"description\":\"\",\"potentialAction\":[{\"@type\":\"SearchAction\",\"target\":{\"@type\":\"EntryPoint\",\"urlTemplate\":\"https:\\\/\\\/masentia.creativedev.se\\\/?s={search_term_string}\"},\"query-input\":{\"@type\":\"PropertyValueSpecification\",\"valueRequired\":true,\"valueName\":\"search_term_string\"}}],\"inLanguage\":\"sv-SE\"}]}<\/script>\n<!-- \/ Yoast SEO plugin. -->","yoast_head_json":{"title":"Kurser och utbildningar - Masentia","robots":{"index":"noindex","follow":"follow","max-snippet":"max-snippet:-1","max-image-preview":"max-image-preview:large","max-video-preview":"max-video-preview:-1"},"og_locale":"sv_SE","og_type":"article","og_title":"Kurser och utbildningar - Masentia","og_url":"https:\/\/masentia.creativedev.se\/utbildning\/","og_site_name":"Masentia","article_modified_time":"2025-12-02T09:06:16+00:00","twitter_card":"summary_large_image","twitter_misc":{"Ber\u00e4knad l\u00e4stid":"2 minuter"},"schema":{"@context":"https:\/\/schema.org","@graph":[{"@type":"WebPage","@id":"https:\/\/masentia.creativedev.se\/utbildning\/","url":"https:\/\/masentia.creativedev.se\/utbildning\/","name":"Kurser och utbildningar - Masentia","isPartOf":{"@id":"https:\/\/masentia.creativedev.se\/#website"},"datePublished":"2024-10-08T09:52:27+00:00","dateModified":"2025-12-02T09:06:16+00:00","breadcrumb":{"@id":"https:\/\/masentia.creativedev.se\/utbildning\/#breadcrumb"},"inLanguage":"sv-SE","potentialAction":[{"@type":"ReadAction","target":["https:\/\/masentia.creativedev.se\/utbildning\/"]}]},{"@type":"BreadcrumbList","@id":"https:\/\/masentia.creativedev.se\/utbildning\/#breadcrumb","itemListElement":[{"@type":"ListItem","position":1,"name":"Hem","item":"https:\/\/masentia.creativedev.se\/"},{"@type":"ListItem","position":2,"name":"Kurser och utbildningar"}]},{"@type":"WebSite","@id":"https:\/\/masentia.creativedev.se\/#website","url":"https:\/\/masentia.creativedev.se\/","name":"Masentia","description":"","potentialAction":[{"@type":"SearchAction","target":{"@type":"EntryPoint","urlTemplate":"https:\/\/masentia.creativedev.se\/?s={search_term_string}"},"query-input":{"@type":"PropertyValueSpecification","valueRequired":true,"valueName":"search_term_string"}}],"inLanguage":"sv-SE"}]}},"_links":{"self":[{"href":"https:\/\/masentia.creativedev.se\/sv\/wp-json\/wp\/v2\/pages\/30","targetHints":{"allow":["GET"]}}],"collection":[{"href":"https:\/\/masentia.creativedev.se\/sv\/wp-json\/wp\/v2\/pages"}],"about":[{"href":"https:\/\/masentia.creativedev.se\/sv\/wp-json\/wp\/v2\/types\/page"}],"author":[{"embeddable":true,"href":"https:\/\/masentia.creativedev.se\/sv\/wp-json\/wp\/v2\/users\/1"}],"replies":[{"embeddable":true,"href":"https:\/\/masentia.creativedev.se\/sv\/wp-json\/wp\/v2\/comments?post=30"}],"version-history":[{"count":118,"href":"https:\/\/masentia.creativedev.se\/sv\/wp-json\/wp\/v2\/pages\/30\/revisions"}],"predecessor-version":[{"id":3710,"href":"https:\/\/masentia.creativedev.se\/sv\/wp-json\/wp\/v2\/pages\/30\/revisions\/3710"}],"wp:attachment":[{"href":"https:\/\/masentia.creativedev.se\/sv\/wp-json\/wp\/v2\/media?parent=30"}],"curies":[{"name":"wp","href":"https:\/\/api.w.org\/{rel}","templated":true}]}}