{"id":3500,"date":"2024-10-08T11:52:11","date_gmt":"2024-10-08T09:52:11","guid":{"rendered":"https:\/\/masentia.creativedev.se\/service\/"},"modified":"2025-11-19T11:31:42","modified_gmt":"2025-11-19T10:31:42","slug":"service","status":"publish","type":"page","link":"https:\/\/masentia.creativedev.se\/da\/service\/","title":{"rendered":"Service DK"},"content":{"rendered":"\t\t<div data-elementor-type=\"wp-page\" data-elementor-id=\"3500\" class=\"elementor elementor-3500 elementor-28\" data-elementor-post-type=\"page\">\n\t\t\t\t<div class=\"elementor-element elementor-element-a29b1f5 e-flex e-con-boxed e-con e-parent\" data-id=\"a29b1f5\" data-element_type=\"container\" data-e-type=\"container\">\n\t\t\t\t\t<div class=\"e-con-inner\">\n\t\t\t\t<div class=\"elementor-element elementor-element-5821200 elementor-widget elementor-widget-html\" data-id=\"5821200\" data-element_type=\"widget\" data-e-type=\"widget\" data-widget_type=\"html.default\">\n\t\t\t\t<div class=\"elementor-widget-container\">\n\t\t\t\t\t<div class=\"breadcrumbs-c\"><a href=\"https:\/\/masentia.creativedev.se\/da\/\">Start<\/a><\/div>\t\t\t\t<\/div>\n\t\t\t\t<\/div>\n\t\t\t\t\t<\/div>\n\t\t\t\t<\/div>\n\t\t<div class=\"elementor-element elementor-element-ecb04b8 e-flex e-con-boxed e-con e-parent\" data-id=\"ecb04b8\" data-element_type=\"container\" data-e-type=\"container\">\n\t\t\t\t\t<div class=\"e-con-inner\">\n\t\t<div class=\"elementor-element elementor-element-23ec870 e-con-full e-flex e-con e-child\" data-id=\"23ec870\" data-element_type=\"container\" data-e-type=\"container\">\n\t\t<div class=\"elementor-element elementor-element-492223f e-con-full e-flex e-con e-child\" data-id=\"492223f\" data-element_type=\"container\" data-e-type=\"container\">\n\t\t\t\t<div class=\"elementor-element elementor-element-fd64a32 elementor-widget elementor-widget-heading\" data-id=\"fd64a32\" data-element_type=\"widget\" data-e-type=\"widget\" data-widget_type=\"heading.default\">\n\t\t\t\t<div class=\"elementor-widget-container\">\n\t\t\t\t\t<h1 class=\"elementor-heading-title elementor-size-default\">Service DK<\/h1>\t\t\t\t<\/div>\n\t\t\t\t<\/div>\n\t\t\t\t<div class=\"elementor-element elementor-element-bd93802 elementor-widget elementor-widget-html\" data-id=\"bd93802\" data-element_type=\"widget\" data-e-type=\"widget\" data-widget_type=\"html.default\">\n\t\t\t\t<div class=\"elementor-widget-container\">\n\t\t\t\t\t<div class=\"page-ingress-container section-padding\"><div class=\"page-ingress-inner-container\" id=\"text-shorten\"><div class=\"left-column\"><p>En maskinl\u00f6sning levererad av Masentia \u00e4r byggd f\u00f6r att producera, utan avbrott. Med hj\u00e4lp av v\u00e5r serviceorganisation kan du uppr\u00e4tth\u00e5lla anl\u00e4ggningens prestanda genom planerad och effektivt utf\u00f6rd service samt uppdatering av programvara. Om oturen \u00e4nd\u00e5 \u00e4r framme finns vi snabbt p\u00e5 plats, och reservdelarna finns p\u00e5 hyllan i v\u00e5rt v\u00e4lfyllda lager.<\/p><\/div><div class=\"right-column\"><p>Fels\u00f6kningen kan oftast g\u00f6ra via online-diagnoser och i dialog med dig. P\u00e5 Masentia \u00e4r det kompetens och service som st\u00e5r i centrum f\u00f6r verksamheten. Det inneb\u00e4r att vi har gjort en strategisk prioritering och investerar tungt i kompetent servicepersonal. Med V\u00e4rnamo som utg\u00e5ngspunkt, och servicemedarbetare p\u00e5 andra strategiskt utvalda orter, har vi korta inst\u00e4llelsetider.<\/p><\/div><\/div><\/div>\t\t\t\t<\/div>\n\t\t\t\t<\/div>\n\t\t\t\t<\/div>\n\t\t\t\t<\/div>\n\t\t<div class=\"elementor-element elementor-element-6ef9b1f e-con-full e-flex e-con e-child\" data-id=\"6ef9b1f\" data-element_type=\"container\" data-e-type=\"container\">\n\t\t\t\t<div class=\"elementor-element elementor-element-d89b135 elementor-widget elementor-widget-html\" data-id=\"d89b135\" data-element_type=\"widget\" data-e-type=\"widget\" data-widget_type=\"html.default\">\n\t\t\t\t<div class=\"elementor-widget-container\">\n\t\t\t\t\t<div class=\"section-padding subject-max-width\"><div class=\"intro-text-columns\"><h3 class=\"subject\">Serviceavtal<\/h3><h2 class=\"subject-title\">Vi st\u00e5r redo med kvalificerad <br \/>\r\nservice och support<\/h2><\/div><div class=\"text-image-section-container\"><div class=\"right-column\"><div class=\"right-column-text\"><h3 class=\"title\">Masentia serviceavtal<\/h3><p class=\"text\">Masentias Serviceavtal \u00e4r ett effektivt s\u00e4tt att f\u00e5 ut \u00e4nnu mer av din maskininvestering. Som kund med serviceavtal f\u00e5r du tillg\u00e5ng till extra support och f\u00f6rdelaktiga priser p\u00e5 service och underh\u00e5ll. Vi tar ocks\u00e5 ansvaret f\u00f6r att h\u00e5lla reda p\u00e5 n\u00e4r och hur den planerade servicen ska utf\u00f6ras, s\u00e5 att du kan fokusera p\u00e5 allt det andra.<\/p><a class=\"masentia-button\" href=\"https:\/\/masentia.creativedev.se\/wp-content\/uploads\/2024\/12\/test.pdf \" target=\"_blank\">Ladda ner serviceavtal<\/a><\/div><\/div><\/div><\/div>\t\t\t\t<\/div>\n\t\t\t\t<\/div>\n\t\t\t\t<\/div>\n\t\t<div class=\"elementor-element elementor-element-efc32c3 e-con-full e-flex e-con e-child\" data-id=\"efc32c3\" data-element_type=\"container\" data-e-type=\"container\">\n\t\t\t\t<div class=\"elementor-element elementor-element-54a1bb9 elementor-widget elementor-widget-html\" data-id=\"54a1bb9\" data-element_type=\"widget\" data-e-type=\"widget\" data-widget_type=\"html.default\">\n\t\t\t\t<div class=\"elementor-widget-container\">\n\t\t\t\t\t\t\t\t\t<\/div>\n\t\t\t\t<\/div>\n\t\t\t\t<\/div>\n\t\t<div class=\"elementor-element elementor-element-d003f4d e-con-full e-flex e-con e-child\" data-id=\"d003f4d\" data-element_type=\"container\" data-e-type=\"container\">\n\t\t\t\t<div class=\"elementor-element elementor-element-dacce17 elementor-widget elementor-widget-html\" data-id=\"dacce17\" data-element_type=\"widget\" data-e-type=\"widget\" data-widget_type=\"html.default\">\n\t\t\t\t<div class=\"elementor-widget-container\">\n\t\t\t\t\t<div class=\"subject-brands-intro section-padding\"><h3 class=\"subject\">Varum\u00e4rken<\/h3><h2 class=\"subject-title\">Vi erbjuder service f\u00f6r f\u00f6ljande varum\u00e4rken<\/br><\/h2><\/div><div class=\"brand-container section-padding\"><div class=\"single-brand\"><img decoding=\"async\" class=\"brand-logo\" src=\"https:\/\/masentia.creativedev.se\/wp-content\/uploads\/2025\/11\/HELLER_Logo_CMYK_schwarz.jpg\" \/><\/div><div class=\"single-brand\"><img decoding=\"async\" class=\"brand-logo\" src=\"https:\/\/masentia.creativedev.se\/wp-content\/uploads\/2025\/11\/ZIMMERMANN-II.png\" \/><\/div><\/div>\t\t\t\t<\/div>\n\t\t\t\t<\/div>\n\t\t\t\t<\/div>\n\t\t\t\t\t<\/div>\n\t\t\t\t<\/div>\n\t\t\t\t<\/div>\n\t\t","protected":false},"excerpt":{"rendered":"","protected":false},"author":1,"featured_media":0,"parent":0,"menu_order":20,"comment_status":"closed","ping_status":"closed","template":"","meta":{"_acf_changed":false,"inline_featured_image":false,"footnotes":""},"class_list":["post-3500","page","type-page","status-publish","hentry"],"acf":[],"yoast_head":"<!-- This site is optimized with the Yoast SEO plugin v27.3 - https:\/\/yoast.com\/product\/yoast-seo-wordpress\/ -->\n<title>Service DK - Masentia<\/title>\n<meta name=\"robots\" content=\"noindex, follow, max-snippet:-1, max-image-preview:large, max-video-preview:-1\" \/>\n<meta property=\"og:locale\" content=\"da_DK\" \/>\n<meta property=\"og:type\" content=\"article\" \/>\n<meta property=\"og:title\" content=\"Service DK - Masentia\" \/>\n<meta property=\"og:url\" content=\"https:\/\/masentia.creativedev.se\/da\/service\/\" \/>\n<meta property=\"og:site_name\" content=\"Masentia\" \/>\n<meta property=\"article:modified_time\" content=\"2025-11-19T10:31:42+00:00\" \/>\n<meta name=\"twitter:card\" content=\"summary_large_image\" \/>\n<meta name=\"twitter:label1\" content=\"Estimeret l\u00e6setid\" \/>\n\t<meta name=\"twitter:data1\" content=\"1 minut\" \/>\n<script type=\"application\/ld+json\" class=\"yoast-schema-graph\">{\"@context\":\"https:\\\/\\\/schema.org\",\"@graph\":[{\"@type\":\"WebPage\",\"@id\":\"https:\\\/\\\/masentia.creativedev.se\\\/da\\\/service\\\/\",\"url\":\"https:\\\/\\\/masentia.creativedev.se\\\/da\\\/service\\\/\",\"name\":\"Service DK - Masentia\",\"isPartOf\":{\"@id\":\"https:\\\/\\\/masentia.creativedev.se\\\/#website\"},\"datePublished\":\"2024-10-08T09:52:11+00:00\",\"dateModified\":\"2025-11-19T10:31:42+00:00\",\"breadcrumb\":{\"@id\":\"https:\\\/\\\/masentia.creativedev.se\\\/da\\\/service\\\/#breadcrumb\"},\"inLanguage\":\"da-DK\",\"potentialAction\":[{\"@type\":\"ReadAction\",\"target\":[\"https:\\\/\\\/masentia.creativedev.se\\\/da\\\/service\\\/\"]}]},{\"@type\":\"BreadcrumbList\",\"@id\":\"https:\\\/\\\/masentia.creativedev.se\\\/da\\\/service\\\/#breadcrumb\",\"itemListElement\":[{\"@type\":\"ListItem\",\"position\":1,\"name\":\"Hem\",\"item\":\"https:\\\/\\\/masentia.creativedev.se\\\/da\\\/\"},{\"@type\":\"ListItem\",\"position\":2,\"name\":\"Service DK\"}]},{\"@type\":\"WebSite\",\"@id\":\"https:\\\/\\\/masentia.creativedev.se\\\/#website\",\"url\":\"https:\\\/\\\/masentia.creativedev.se\\\/\",\"name\":\"Masentia\",\"description\":\"\",\"potentialAction\":[{\"@type\":\"SearchAction\",\"target\":{\"@type\":\"EntryPoint\",\"urlTemplate\":\"https:\\\/\\\/masentia.creativedev.se\\\/?s={search_term_string}\"},\"query-input\":{\"@type\":\"PropertyValueSpecification\",\"valueRequired\":true,\"valueName\":\"search_term_string\"}}],\"inLanguage\":\"da-DK\"}]}<\/script>\n<!-- \/ Yoast SEO plugin. -->","yoast_head_json":{"title":"Service DK - Masentia","robots":{"index":"noindex","follow":"follow","max-snippet":"max-snippet:-1","max-image-preview":"max-image-preview:large","max-video-preview":"max-video-preview:-1"},"og_locale":"da_DK","og_type":"article","og_title":"Service DK - Masentia","og_url":"https:\/\/masentia.creativedev.se\/da\/service\/","og_site_name":"Masentia","article_modified_time":"2025-11-19T10:31:42+00:00","twitter_card":"summary_large_image","twitter_misc":{"Estimeret l\u00e6setid":"1 minut"},"schema":{"@context":"https:\/\/schema.org","@graph":[{"@type":"WebPage","@id":"https:\/\/masentia.creativedev.se\/da\/service\/","url":"https:\/\/masentia.creativedev.se\/da\/service\/","name":"Service DK - Masentia","isPartOf":{"@id":"https:\/\/masentia.creativedev.se\/#website"},"datePublished":"2024-10-08T09:52:11+00:00","dateModified":"2025-11-19T10:31:42+00:00","breadcrumb":{"@id":"https:\/\/masentia.creativedev.se\/da\/service\/#breadcrumb"},"inLanguage":"da-DK","potentialAction":[{"@type":"ReadAction","target":["https:\/\/masentia.creativedev.se\/da\/service\/"]}]},{"@type":"BreadcrumbList","@id":"https:\/\/masentia.creativedev.se\/da\/service\/#breadcrumb","itemListElement":[{"@type":"ListItem","position":1,"name":"Hem","item":"https:\/\/masentia.creativedev.se\/da\/"},{"@type":"ListItem","position":2,"name":"Service DK"}]},{"@type":"WebSite","@id":"https:\/\/masentia.creativedev.se\/#website","url":"https:\/\/masentia.creativedev.se\/","name":"Masentia","description":"","potentialAction":[{"@type":"SearchAction","target":{"@type":"EntryPoint","urlTemplate":"https:\/\/masentia.creativedev.se\/?s={search_term_string}"},"query-input":{"@type":"PropertyValueSpecification","valueRequired":true,"valueName":"search_term_string"}}],"inLanguage":"da-DK"}]}},"_links":{"self":[{"href":"https:\/\/masentia.creativedev.se\/da\/wp-json\/wp\/v2\/pages\/3500","targetHints":{"allow":["GET"]}}],"collection":[{"href":"https:\/\/masentia.creativedev.se\/da\/wp-json\/wp\/v2\/pages"}],"about":[{"href":"https:\/\/masentia.creativedev.se\/da\/wp-json\/wp\/v2\/types\/page"}],"author":[{"embeddable":true,"href":"https:\/\/masentia.creativedev.se\/da\/wp-json\/wp\/v2\/users\/1"}],"replies":[{"embeddable":true,"href":"https:\/\/masentia.creativedev.se\/da\/wp-json\/wp\/v2\/comments?post=3500"}],"version-history":[{"count":1,"href":"https:\/\/masentia.creativedev.se\/da\/wp-json\/wp\/v2\/pages\/3500\/revisions"}],"predecessor-version":[{"id":3501,"href":"https:\/\/masentia.creativedev.se\/da\/wp-json\/wp\/v2\/pages\/3500\/revisions\/3501"}],"wp:attachment":[{"href":"https:\/\/masentia.creativedev.se\/da\/wp-json\/wp\/v2\/media?parent=3500"}],"curies":[{"name":"wp","href":"https:\/\/api.w.org\/{rel}","templated":true}]}}