{"id":3481,"date":"2024-10-08T11:54:15","date_gmt":"2024-10-08T09:54:15","guid":{"rendered":"https:\/\/masentia.creativedev.se\/kontakt\/"},"modified":"2025-11-24T06:38:58","modified_gmt":"2025-11-24T05:38:58","slug":"kontakt","status":"publish","type":"page","link":"https:\/\/masentia.creativedev.se\/da\/kontakt\/","title":{"rendered":"Kontakt DK"},"content":{"rendered":"\t\t<div data-elementor-type=\"wp-page\" data-elementor-id=\"3481\" class=\"elementor elementor-3481 elementor-39\" data-elementor-post-type=\"page\">\n\t\t\t\t<div class=\"elementor-element elementor-element-a367b40 e-con-full e-flex e-con e-parent\" data-id=\"a367b40\" data-element_type=\"container\" data-e-type=\"container\">\n\t\t\t\t<div class=\"elementor-element elementor-element-6b74095 top-media-section-sc elementor-widget elementor-widget-html\" data-id=\"6b74095\" data-element_type=\"widget\" data-e-type=\"widget\" data-widget_type=\"html.default\">\n\t\t\t\t<div class=\"elementor-widget-container\">\n\t\t\t\t\t<div class=\"top-media-section\"><div class=\"top-media-container\" style=\"\"><\/div><div class=\"top-media-overlay-wrapper\"><div class=\"top-media-overlay\"><h1>Kontakt DK<\/h1><p>Vill du bes\u00f6ka oss, eller hitta till n\u00e5gon av v\u00e5ra utst\u00e4llningar? DK<\/p><a href=\"\/da\/kontakt\/\" class=\"top-media-button masentia-button\">Hitta till oss<\/a><\/div><\/div><\/div>\t\t\t\t<\/div>\n\t\t\t\t<\/div>\n\t\t\t\t<\/div>\n\t\t<div class=\"elementor-element elementor-element-1d6b7c8 e-flex e-con-boxed e-con e-parent\" data-id=\"1d6b7c8\" data-element_type=\"container\" data-e-type=\"container\">\n\t\t\t\t\t<div class=\"e-con-inner\">\n\t\t\t\t<div class=\"elementor-element elementor-element-e2d3084 elementor-widget elementor-widget-html\" data-id=\"e2d3084\" data-element_type=\"widget\" data-e-type=\"widget\" data-widget_type=\"html.default\">\n\t\t\t\t<div class=\"elementor-widget-container\">\n\t\t\t\t\t<div class=\"breadcrumbs-c\"><a href=\"https:\/\/masentia.creativedev.se\/da\/\">Start<\/a><\/div>\t\t\t\t<\/div>\n\t\t\t\t<\/div>\n\t\t\t\t\t<\/div>\n\t\t\t\t<\/div>\n\t\t<div class=\"elementor-element elementor-element-fb7de44 combined-filter-container e-flex e-con-boxed e-con e-parent\" data-id=\"fb7de44\" data-element_type=\"container\" data-e-type=\"container\">\n\t\t\t\t\t<div class=\"e-con-inner\">\n\t\t\t\t<div class=\"elementor-element elementor-element-ddbeffe masentia-contacts-search elementor-widget elementor-widget-html\" data-id=\"ddbeffe\" data-element_type=\"widget\" data-e-type=\"widget\" data-widget_type=\"html.default\">\n\t\t\t\t<div class=\"elementor-widget-container\">\n\t\t\t\t\t<p><input type=\"text\" class=\"quicksearch\" placeholder=\"S\u00f6k kontaktperson\" \/><\/p>\t\t\t\t<\/div>\n\t\t\t\t<\/div>\n\t\t\t\t<div class=\"elementor-element elementor-element-50dddf0 masentia-contacts-filter elementor-widget elementor-widget-html\" data-id=\"50dddf0\" data-element_type=\"widget\" data-e-type=\"widget\" data-widget_type=\"html.default\">\n\t\t\t\t<div class=\"elementor-widget-container\">\n\t\t\t\t\t<div class=\"contact-filter-outer-container\"><div class=\"contact-filter-title\">Filter:<\/div><div class=\"contact-filter-container\"><div class=\"cat-filter-item\"><div class=\"cat-filter-checkbox\"><input class=\"filter\" type=\"checkbox\" data-filter=\".forsaljning\" id=\"filter-69e2344a45b11\"><\/div><div class=\"cat-filter-name\"><label for=\"filter-69e2344a45b11\">Sales<\/label><\/div><\/div><div class=\"cat-filter-item\"><div class=\"cat-filter-checkbox\"><input class=\"filter\" type=\"checkbox\" data-filter=\".service\" id=\"filter-69e2344a45b22\"><\/div><div class=\"cat-filter-name\"><label for=\"filter-69e2344a45b22\">Service<\/label><\/div><\/div><div class=\"cat-filter-item\"><div class=\"cat-filter-checkbox\"><input class=\"filter\" type=\"checkbox\" data-filter=\".reservdelar\" id=\"filter-69e2344a45b26\"><\/div><div class=\"cat-filter-name\"><label for=\"filter-69e2344a45b26\">Spare parts<\/label><\/div><\/div><\/div><\/div>\t\t\t\t<\/div>\n\t\t\t\t<\/div>\n\t\t\t\t\t<\/div>\n\t\t\t\t<\/div>\n\t\t<div class=\"elementor-element elementor-element-282073c e-flex e-con-boxed e-con e-parent\" data-id=\"282073c\" data-element_type=\"container\" data-e-type=\"container\">\n\t\t\t\t\t<div class=\"e-con-inner\">\n\t\t\t\t<div class=\"elementor-element elementor-element-655d61f contact-page-contact-persons elementor-widget elementor-widget-html\" data-id=\"655d61f\" data-element_type=\"widget\" data-e-type=\"widget\" data-widget_type=\"html.default\">\n\t\t\t\t<div class=\"elementor-widget-container\">\n\t\t\t\t\t<div class=\"personal-container\"><div class=\"contact-card forsaljning service\" uk-scrollspy=\"cls:uk-animation-fade; delay:300;\"><div class=\"contact-image-container\"><img decoding=\"async\" src=\"https:\/\/masentia.creativedev.se\/wp-content\/themes\/masentia\/assets\/images\/woocommerce-placeholder.png\"\/><\/div><div class=\"single-contact-info kontakt_uppgifter\"><p class=\"contact-card-info contact-name\">Testperson<\/p><p class=\"contact-card-info contact-title\">Titel<\/p><p class=\"contact-card-info contact-location\">plats<\/p><p class=\"contact-card-info contact-phone\"><a href=\"tel:12343567\">12343567<\/a><\/p><p class=\"contact-card-info contact-mail\"><a href=\"mailto:email@masentia.dk\">email@masentia.dk<\/a><\/p><\/div><\/div><div class=\"contact-card service reservdelar\" uk-scrollspy=\"cls:uk-animation-fade; delay:300;\"><div class=\"contact-image-container\"><img decoding=\"async\" src=\"https:\/\/masentia.creativedev.se\/wp-content\/themes\/masentia\/assets\/images\/woocommerce-placeholder.png\"\/><\/div><div class=\"single-contact-info kontakt_uppgifter\"><p class=\"contact-card-info contact-name\">Testperson 2<\/p><p class=\"contact-card-info contact-title\">Titel 2<\/p><p class=\"contact-card-info contact-location\">plats<\/p><p class=\"contact-card-info contact-phone\"><a href=\"tel:987654321\">987654321<\/a><\/p><p class=\"contact-card-info contact-mail\"><a href=\"mailto:test@masentia.se\">test@masentia.se<\/a><\/p><\/div><\/div><\/div>\t\t\t\t<\/div>\n\t\t\t\t<\/div>\n\t\t\t\t\t<\/div>\n\t\t\t\t<\/div>\n\t\t\t\t<\/div>\n\t\t","protected":false},"excerpt":{"rendered":"","protected":false},"author":1,"featured_media":0,"parent":0,"menu_order":0,"comment_status":"closed","ping_status":"closed","template":"","meta":{"_acf_changed":false,"inline_featured_image":false,"footnotes":""},"class_list":["post-3481","page","type-page","status-publish","hentry"],"acf":[],"yoast_head":"<!-- This site is optimized with the Yoast SEO plugin v27.3 - https:\/\/yoast.com\/product\/yoast-seo-wordpress\/ -->\n<title>Kontakt DK - Masentia<\/title>\n<meta name=\"robots\" content=\"noindex, follow, max-snippet:-1, max-image-preview:large, max-video-preview:-1\" \/>\n<meta property=\"og:locale\" content=\"da_DK\" \/>\n<meta property=\"og:type\" content=\"article\" \/>\n<meta property=\"og:title\" content=\"Kontakt DK - Masentia\" \/>\n<meta property=\"og:url\" content=\"https:\/\/masentia.creativedev.se\/da\/kontakt\/\" \/>\n<meta property=\"og:site_name\" content=\"Masentia\" \/>\n<meta property=\"article:modified_time\" content=\"2025-11-24T05:38:58+00:00\" \/>\n<meta name=\"twitter:card\" content=\"summary_large_image\" \/>\n<meta name=\"twitter:label1\" content=\"Estimeret l\u00e6setid\" \/>\n\t<meta name=\"twitter:data1\" content=\"1 minut\" \/>\n<script type=\"application\/ld+json\" class=\"yoast-schema-graph\">{\"@context\":\"https:\\\/\\\/schema.org\",\"@graph\":[{\"@type\":\"WebPage\",\"@id\":\"https:\\\/\\\/masentia.creativedev.se\\\/da\\\/kontakt\\\/\",\"url\":\"https:\\\/\\\/masentia.creativedev.se\\\/da\\\/kontakt\\\/\",\"name\":\"Kontakt DK - Masentia\",\"isPartOf\":{\"@id\":\"https:\\\/\\\/masentia.creativedev.se\\\/#website\"},\"datePublished\":\"2024-10-08T09:54:15+00:00\",\"dateModified\":\"2025-11-24T05:38:58+00:00\",\"breadcrumb\":{\"@id\":\"https:\\\/\\\/masentia.creativedev.se\\\/da\\\/kontakt\\\/#breadcrumb\"},\"inLanguage\":\"da-DK\",\"potentialAction\":[{\"@type\":\"ReadAction\",\"target\":[\"https:\\\/\\\/masentia.creativedev.se\\\/da\\\/kontakt\\\/\"]}]},{\"@type\":\"BreadcrumbList\",\"@id\":\"https:\\\/\\\/masentia.creativedev.se\\\/da\\\/kontakt\\\/#breadcrumb\",\"itemListElement\":[{\"@type\":\"ListItem\",\"position\":1,\"name\":\"Hem\",\"item\":\"https:\\\/\\\/masentia.creativedev.se\\\/da\\\/\"},{\"@type\":\"ListItem\",\"position\":2,\"name\":\"Kontakt DK\"}]},{\"@type\":\"WebSite\",\"@id\":\"https:\\\/\\\/masentia.creativedev.se\\\/#website\",\"url\":\"https:\\\/\\\/masentia.creativedev.se\\\/\",\"name\":\"Masentia\",\"description\":\"\",\"potentialAction\":[{\"@type\":\"SearchAction\",\"target\":{\"@type\":\"EntryPoint\",\"urlTemplate\":\"https:\\\/\\\/masentia.creativedev.se\\\/?s={search_term_string}\"},\"query-input\":{\"@type\":\"PropertyValueSpecification\",\"valueRequired\":true,\"valueName\":\"search_term_string\"}}],\"inLanguage\":\"da-DK\"}]}<\/script>\n<!-- \/ Yoast SEO plugin. -->","yoast_head_json":{"title":"Kontakt DK - Masentia","robots":{"index":"noindex","follow":"follow","max-snippet":"max-snippet:-1","max-image-preview":"max-image-preview:large","max-video-preview":"max-video-preview:-1"},"og_locale":"da_DK","og_type":"article","og_title":"Kontakt DK - Masentia","og_url":"https:\/\/masentia.creativedev.se\/da\/kontakt\/","og_site_name":"Masentia","article_modified_time":"2025-11-24T05:38:58+00:00","twitter_card":"summary_large_image","twitter_misc":{"Estimeret l\u00e6setid":"1 minut"},"schema":{"@context":"https:\/\/schema.org","@graph":[{"@type":"WebPage","@id":"https:\/\/masentia.creativedev.se\/da\/kontakt\/","url":"https:\/\/masentia.creativedev.se\/da\/kontakt\/","name":"Kontakt DK - Masentia","isPartOf":{"@id":"https:\/\/masentia.creativedev.se\/#website"},"datePublished":"2024-10-08T09:54:15+00:00","dateModified":"2025-11-24T05:38:58+00:00","breadcrumb":{"@id":"https:\/\/masentia.creativedev.se\/da\/kontakt\/#breadcrumb"},"inLanguage":"da-DK","potentialAction":[{"@type":"ReadAction","target":["https:\/\/masentia.creativedev.se\/da\/kontakt\/"]}]},{"@type":"BreadcrumbList","@id":"https:\/\/masentia.creativedev.se\/da\/kontakt\/#breadcrumb","itemListElement":[{"@type":"ListItem","position":1,"name":"Hem","item":"https:\/\/masentia.creativedev.se\/da\/"},{"@type":"ListItem","position":2,"name":"Kontakt DK"}]},{"@type":"WebSite","@id":"https:\/\/masentia.creativedev.se\/#website","url":"https:\/\/masentia.creativedev.se\/","name":"Masentia","description":"","potentialAction":[{"@type":"SearchAction","target":{"@type":"EntryPoint","urlTemplate":"https:\/\/masentia.creativedev.se\/?s={search_term_string}"},"query-input":{"@type":"PropertyValueSpecification","valueRequired":true,"valueName":"search_term_string"}}],"inLanguage":"da-DK"}]}},"_links":{"self":[{"href":"https:\/\/masentia.creativedev.se\/da\/wp-json\/wp\/v2\/pages\/3481","targetHints":{"allow":["GET"]}}],"collection":[{"href":"https:\/\/masentia.creativedev.se\/da\/wp-json\/wp\/v2\/pages"}],"about":[{"href":"https:\/\/masentia.creativedev.se\/da\/wp-json\/wp\/v2\/types\/page"}],"author":[{"embeddable":true,"href":"https:\/\/masentia.creativedev.se\/da\/wp-json\/wp\/v2\/users\/1"}],"replies":[{"embeddable":true,"href":"https:\/\/masentia.creativedev.se\/da\/wp-json\/wp\/v2\/comments?post=3481"}],"version-history":[{"count":3,"href":"https:\/\/masentia.creativedev.se\/da\/wp-json\/wp\/v2\/pages\/3481\/revisions"}],"predecessor-version":[{"id":3512,"href":"https:\/\/masentia.creativedev.se\/da\/wp-json\/wp\/v2\/pages\/3481\/revisions\/3512"}],"wp:attachment":[{"href":"https:\/\/masentia.creativedev.se\/da\/wp-json\/wp\/v2\/media?parent=3481"}],"curies":[{"name":"wp","href":"https:\/\/api.w.org\/{rel}","templated":true}]}}